{"id":1782,"date":"2025-05-25T23:22:48","date_gmt":"2025-05-25T21:22:48","guid":{"rendered":"https:\/\/sementis.eu\/?post_type=product&#038;p=1782"},"modified":"2026-03-19T11:41:31","modified_gmt":"2026-03-19T10:41:31","slug":"anoe","status":"publish","type":"product","link":"https:\/\/sementis.eu\/index.php\/produit\/anoe\/","title":{"rendered":"Ano\u00e9"},"content":{"rendered":"<p>[et_pb_section fb_built=\u00a0\u00bb1&Prime; _builder_version=\u00a0\u00bb4.16&Prime; custom_padding=\u00a0\u00bb0px||||false|false\u00a0\u00bb global_colors_info=\u00a0\u00bb{}\u00a0\u00bb][et_pb_row column_structure=\u00a0\u00bb1_2,1_2&Prime; _builder_version=\u00a0\u00bb4.16&Prime; background_size=\u00a0\u00bbinitial\u00a0\u00bb background_position=\u00a0\u00bbtop_left\u00a0\u00bb background_repeat=\u00a0\u00bbrepeat\u00a0\u00bb width=\u00a0\u00bb100%\u00a0\u00bb custom_padding=\u00a0\u00bb0px||||false|false\u00a0\u00bb global_colors_info=\u00a0\u00bb{}\u00a0\u00bb][et_pb_column type=\u00a0\u00bb1_2&Prime; _builder_version=\u00a0\u00bb4.16&Prime; custom_padding=\u00a0\u00bb|||\u00a0\u00bb global_colors_info=\u00a0\u00bb{}\u00a0\u00bb custom_padding__hover=\u00a0\u00bb|||\u00a0\u00bb][et_pb_wc_images _builder_version=\u00a0\u00bb4.16&Prime; global_colors_info=\u00a0\u00bb{}\u00a0\u00bb][\/et_pb_wc_images][\/et_pb_column][et_pb_column type=\u00a0\u00bb1_2&Prime; _builder_version=\u00a0\u00bb4.16&Prime; custom_padding=\u00a0\u00bb|||\u00a0\u00bb global_colors_info=\u00a0\u00bb{}\u00a0\u00bb custom_padding__hover=\u00a0\u00bb|||\u00a0\u00bb][et_pb_wc_title _builder_version=\u00a0\u00bb4.16&Prime; global_colors_info=\u00a0\u00bb{}\u00a0\u00bb][\/et_pb_wc_title][et_pb_wc_rating _builder_version=\u00a0\u00bb4.16&Prime; global_colors_info=\u00a0\u00bb{}\u00a0\u00bb][\/et_pb_wc_rating][et_pb_wc_price _builder_version=\u00a0\u00bb4.16&Prime; global_colors_info=\u00a0\u00bb{}\u00a0\u00bb][\/et_pb_wc_price][et_pb_wc_description _builder_version=\u00a0\u00bb4.16&Prime; global_colors_info=\u00a0\u00bb{}\u00a0\u00bb][\/et_pb_wc_description][et_pb_wc_add_to_cart _builder_version=\u00a0\u00bb4.16&Prime; global_colors_info=\u00a0\u00bb{}\u00a0\u00bb][\/et_pb_wc_add_to_cart][et_pb_wc_meta _builder_version=\u00a0\u00bb4.16&Prime; global_colors_info=\u00a0\u00bb{}\u00a0\u00bb][\/et_pb_wc_meta][\/et_pb_column][\/et_pb_row][et_pb_row _builder_version=\u00a0\u00bb4.16&Prime; background_size=\u00a0\u00bbinitial\u00a0\u00bb background_position=\u00a0\u00bbtop_left\u00a0\u00bb background_repeat=\u00a0\u00bbrepeat\u00a0\u00bb width=\u00a0\u00bb100%\u00a0\u00bb global_colors_info=\u00a0\u00bb{}\u00a0\u00bb][et_pb_column type=\u00a0\u00bb4_4&Prime; _builder_version=\u00a0\u00bb4.16&Prime; custom_padding=\u00a0\u00bb|||\u00a0\u00bb global_colors_info=\u00a0\u00bb{}\u00a0\u00bb custom_padding__hover=\u00a0\u00bb|||\u00a0\u00bb][et_pb_wc_tabs _builder_version=\u00a0\u00bb4.16&Prime; global_colors_info=\u00a0\u00bb{}\u00a0\u00bb] [\/et_pb_wc_tabs][et_pb_wc_upsells _builder_version=\u00a0\u00bb4.16&Prime; global_colors_info=\u00a0\u00bb{}\u00a0\u00bb][\/et_pb_wc_upsells][et_pb_wc_related_products _builder_version=\u00a0\u00bb4.16&Prime; global_colors_info=\u00a0\u00bb{}\u00a0\u00bb][\/et_pb_wc_related_products][\/et_pb_column][\/et_pb_row][\/et_pb_section]<\/p>\n","protected":false},"excerpt":{"rendered":"<ul>\n<li>\u2023 Excellente tenue \u00e0 la cuisson et tr\u00e8s bonne qualit\u00e9 gustative<\/li>\n<li>\u2023 Bonne pr\u00e9cocit\u00e9<\/li>\n<li>\u2023 Bon comportement vis-\u00e0-vis de la gale commune<\/li>\n<\/ul>\n<p style=\"text-align: right;\"><img loading=\"lazy\" decoding=\"async\" class=\"alignnone wp-image-2303 aligncenter\" src=\"https:\/\/sementis.eu\/wp-content\/uploads\/2025\/05\/logo_bio_2-300x151.png\" alt=\"\" width=\"79\" height=\"40\" srcset=\"https:\/\/sementis.eu\/wp-content\/uploads\/2025\/05\/logo_bio_2-300x151.png 300w, https:\/\/sementis.eu\/wp-content\/uploads\/2025\/05\/logo_bio_2.png 322w\" sizes=\"(max-width: 79px) 100vw, 79px\" \/><\/p>\n","protected":false},"featured_media":2074,"template":"","meta":{"_acf_changed":false,"_et_pb_use_builder":"on","_et_pb_old_content":"<ul>\r\n \t<li>Excellente tenue \u00e0 la cuisson et tr\u00e8s bonne qualit\u00e9 gustative<\/li>\r\n \t<li>Bonne pr\u00e9cocit\u00e9<\/li>\r\n \t<li>Bon comportement vis-\u00e0-vis de la gale commune<\/li>\r\n<\/ul>\r\n<img class=\"alignnone wp-image-2303 alignright\" style=\"font-size: 10pt;text-align: right\" src=\"https:\/\/sementis.eu\/wp-content\/uploads\/2025\/05\/logo_bio_2-300x151.png\" alt=\"\" width=\"99\" height=\"50\" \/>\r\n\r\n&nbsp;\r\n<p style=\"text-align: right\"><span style=\"font-size: 10pt\">Disponible en Agriculture Biologique<\/span><\/p>\r\n<a class=\"mon-bouton\" href=\"http:\/\/sementis.eu\/wp-content\/uploads\/2025\/10\/ANOE-Fiche-caracteristiques-2025-FR.pdf\" target=\"_blank\" rel=\"noopener\">T\u00e9l\u00e9charger la fiche vari\u00e9tale<\/a>\r\n\r\n<a class=\"mon-bouton\" href=\"http:\/\/sementis.eu\/wp-content\/uploads\/2025\/10\/ANOE-Specifications-file-2025-EN-1.pdf\" target=\"_blank\" rel=\"noopener\">Download the variety sheet<\/a>","_et_gb_content_width":""},"product_brand":[],"product_cat":[54],"product_tag":[],"class_list":{"0":"post-1782","1":"product","2":"type-product","3":"status-publish","4":"has-post-thumbnail","6":"product_cat-non-classe","8":"first","9":"instock","10":"shipping-taxable","11":"product-type-simple"},"acf":[],"yoast_head":"<!-- This site is optimized with the Yoast SEO plugin v27.3 - https:\/\/yoast.com\/product\/yoast-seo-wordpress\/ -->\n<title>Ano\u00e9 - Sementis<\/title>\n<meta name=\"robots\" content=\"index, follow, max-snippet:-1, max-image-preview:large, max-video-preview:-1\" \/>\n<link rel=\"canonical\" href=\"https:\/\/sementis.eu\/index.php\/produit\/anoe\/\" \/>\n<meta property=\"og:locale\" content=\"fr_FR\" \/>\n<meta property=\"og:type\" content=\"article\" \/>\n<meta property=\"og:title\" content=\"Ano\u00e9 - Sementis\" \/>\n<meta property=\"og:description\" content=\"\u2023 Excellente tenue \u00e0 la cuisson et tr\u00e8s bonne qualit\u00e9 gustative  \u2023 Bonne pr\u00e9cocit\u00e9  \u2023 Bon comportement vis-\u00e0-vis de la gale commune\" \/>\n<meta property=\"og:url\" content=\"https:\/\/sementis.eu\/index.php\/produit\/anoe\/\" \/>\n<meta property=\"og:site_name\" content=\"Sementis\" \/>\n<meta property=\"article:modified_time\" content=\"2026-03-19T10:41:31+00:00\" \/>\n<meta property=\"og:image\" content=\"https:\/\/sementis.eu\/wp-content\/uploads\/2025\/10\/Anoe-sementis-1.png\" \/>\n\t<meta property=\"og:image:width\" content=\"901\" \/>\n\t<meta property=\"og:image:height\" content=\"901\" \/>\n\t<meta property=\"og:image:type\" content=\"image\/png\" \/>\n<meta name=\"twitter:card\" content=\"summary_large_image\" \/>\n<meta name=\"twitter:label1\" content=\"Dur\u00e9e de lecture estim\u00e9e\" \/>\n\t<meta name=\"twitter:data1\" content=\"5 minutes\" \/>\n<script type=\"application\/ld+json\" class=\"yoast-schema-graph\">{\"@context\":\"https:\\\/\\\/schema.org\",\"@graph\":[{\"@type\":\"WebPage\",\"@id\":\"https:\\\/\\\/sementis.eu\\\/index.php\\\/produit\\\/anoe\\\/\",\"url\":\"https:\\\/\\\/sementis.eu\\\/index.php\\\/produit\\\/anoe\\\/\",\"name\":\"Ano\u00e9 - Sementis\",\"isPartOf\":{\"@id\":\"https:\\\/\\\/sementis.eu\\\/#website\"},\"primaryImageOfPage\":{\"@id\":\"https:\\\/\\\/sementis.eu\\\/index.php\\\/produit\\\/anoe\\\/#primaryimage\"},\"image\":{\"@id\":\"https:\\\/\\\/sementis.eu\\\/index.php\\\/produit\\\/anoe\\\/#primaryimage\"},\"thumbnailUrl\":\"https:\\\/\\\/sementis.eu\\\/wp-content\\\/uploads\\\/2025\\\/10\\\/Anoe-sementis-1.png\",\"datePublished\":\"2025-05-25T21:22:48+00:00\",\"dateModified\":\"2026-03-19T10:41:31+00:00\",\"breadcrumb\":{\"@id\":\"https:\\\/\\\/sementis.eu\\\/index.php\\\/produit\\\/anoe\\\/#breadcrumb\"},\"inLanguage\":\"fr-FR\",\"potentialAction\":[{\"@type\":\"ReadAction\",\"target\":[\"https:\\\/\\\/sementis.eu\\\/index.php\\\/produit\\\/anoe\\\/\"]}]},{\"@type\":\"ImageObject\",\"inLanguage\":\"fr-FR\",\"@id\":\"https:\\\/\\\/sementis.eu\\\/index.php\\\/produit\\\/anoe\\\/#primaryimage\",\"url\":\"https:\\\/\\\/sementis.eu\\\/wp-content\\\/uploads\\\/2025\\\/10\\\/Anoe-sementis-1.png\",\"contentUrl\":\"https:\\\/\\\/sementis.eu\\\/wp-content\\\/uploads\\\/2025\\\/10\\\/Anoe-sementis-1.png\",\"width\":901,\"height\":901},{\"@type\":\"BreadcrumbList\",\"@id\":\"https:\\\/\\\/sementis.eu\\\/index.php\\\/produit\\\/anoe\\\/#breadcrumb\",\"itemListElement\":[{\"@type\":\"ListItem\",\"position\":1,\"name\":\"Accueil\",\"item\":\"https:\\\/\\\/sementis.eu\\\/\"},{\"@type\":\"ListItem\",\"position\":2,\"name\":\"Boutique\",\"item\":\"https:\\\/\\\/sementis.eu\\\/index.php\\\/boutique\\\/\"},{\"@type\":\"ListItem\",\"position\":3,\"name\":\"Ano\u00e9\"}]},{\"@type\":\"WebSite\",\"@id\":\"https:\\\/\\\/sementis.eu\\\/#website\",\"url\":\"https:\\\/\\\/sementis.eu\\\/\",\"name\":\"Sementis\",\"description\":\"Soci\u00e9t\u00e9 sp\u00e9cialis\u00e9e dans le d\u00e9veloppement, la production et la commercialisation de plants de pomme de terre fran\u00e7ais.\",\"publisher\":{\"@id\":\"https:\\\/\\\/sementis.eu\\\/#organization\"},\"potentialAction\":[{\"@type\":\"SearchAction\",\"target\":{\"@type\":\"EntryPoint\",\"urlTemplate\":\"https:\\\/\\\/sementis.eu\\\/?s={search_term_string}\"},\"query-input\":{\"@type\":\"PropertyValueSpecification\",\"valueRequired\":true,\"valueName\":\"search_term_string\"}}],\"inLanguage\":\"fr-FR\"},{\"@type\":\"Organization\",\"@id\":\"https:\\\/\\\/sementis.eu\\\/#organization\",\"name\":\"Sementis\",\"url\":\"https:\\\/\\\/sementis.eu\\\/\",\"logo\":{\"@type\":\"ImageObject\",\"inLanguage\":\"fr-FR\",\"@id\":\"https:\\\/\\\/sementis.eu\\\/#\\\/schema\\\/logo\\\/image\\\/\",\"url\":\"https:\\\/\\\/sementis.eu\\\/wp-content\\\/uploads\\\/2024\\\/06\\\/LOGO-SEMENTIS-SANS-FD.png\",\"contentUrl\":\"https:\\\/\\\/sementis.eu\\\/wp-content\\\/uploads\\\/2024\\\/06\\\/LOGO-SEMENTIS-SANS-FD.png\",\"width\":962,\"height\":1076,\"caption\":\"Sementis\"},\"image\":{\"@id\":\"https:\\\/\\\/sementis.eu\\\/#\\\/schema\\\/logo\\\/image\\\/\"}}]}<\/script>\n<!-- \/ Yoast SEO plugin. -->","yoast_head_json":{"title":"Ano\u00e9 - Sementis","robots":{"index":"index","follow":"follow","max-snippet":"max-snippet:-1","max-image-preview":"max-image-preview:large","max-video-preview":"max-video-preview:-1"},"canonical":"https:\/\/sementis.eu\/index.php\/produit\/anoe\/","og_locale":"fr_FR","og_type":"article","og_title":"Ano\u00e9 - Sementis","og_description":"\u2023 Excellente tenue \u00e0 la cuisson et tr\u00e8s bonne qualit\u00e9 gustative  \u2023 Bonne pr\u00e9cocit\u00e9  \u2023 Bon comportement vis-\u00e0-vis de la gale commune","og_url":"https:\/\/sementis.eu\/index.php\/produit\/anoe\/","og_site_name":"Sementis","article_modified_time":"2026-03-19T10:41:31+00:00","og_image":[{"width":901,"height":901,"url":"https:\/\/sementis.eu\/wp-content\/uploads\/2025\/10\/Anoe-sementis-1.png","type":"image\/png"}],"twitter_card":"summary_large_image","twitter_misc":{"Dur\u00e9e de lecture estim\u00e9e":"5 minutes"},"schema":{"@context":"https:\/\/schema.org","@graph":[{"@type":"WebPage","@id":"https:\/\/sementis.eu\/index.php\/produit\/anoe\/","url":"https:\/\/sementis.eu\/index.php\/produit\/anoe\/","name":"Ano\u00e9 - Sementis","isPartOf":{"@id":"https:\/\/sementis.eu\/#website"},"primaryImageOfPage":{"@id":"https:\/\/sementis.eu\/index.php\/produit\/anoe\/#primaryimage"},"image":{"@id":"https:\/\/sementis.eu\/index.php\/produit\/anoe\/#primaryimage"},"thumbnailUrl":"https:\/\/sementis.eu\/wp-content\/uploads\/2025\/10\/Anoe-sementis-1.png","datePublished":"2025-05-25T21:22:48+00:00","dateModified":"2026-03-19T10:41:31+00:00","breadcrumb":{"@id":"https:\/\/sementis.eu\/index.php\/produit\/anoe\/#breadcrumb"},"inLanguage":"fr-FR","potentialAction":[{"@type":"ReadAction","target":["https:\/\/sementis.eu\/index.php\/produit\/anoe\/"]}]},{"@type":"ImageObject","inLanguage":"fr-FR","@id":"https:\/\/sementis.eu\/index.php\/produit\/anoe\/#primaryimage","url":"https:\/\/sementis.eu\/wp-content\/uploads\/2025\/10\/Anoe-sementis-1.png","contentUrl":"https:\/\/sementis.eu\/wp-content\/uploads\/2025\/10\/Anoe-sementis-1.png","width":901,"height":901},{"@type":"BreadcrumbList","@id":"https:\/\/sementis.eu\/index.php\/produit\/anoe\/#breadcrumb","itemListElement":[{"@type":"ListItem","position":1,"name":"Accueil","item":"https:\/\/sementis.eu\/"},{"@type":"ListItem","position":2,"name":"Boutique","item":"https:\/\/sementis.eu\/index.php\/boutique\/"},{"@type":"ListItem","position":3,"name":"Ano\u00e9"}]},{"@type":"WebSite","@id":"https:\/\/sementis.eu\/#website","url":"https:\/\/sementis.eu\/","name":"Sementis","description":"Soci\u00e9t\u00e9 sp\u00e9cialis\u00e9e dans le d\u00e9veloppement, la production et la commercialisation de plants de pomme de terre fran\u00e7ais.","publisher":{"@id":"https:\/\/sementis.eu\/#organization"},"potentialAction":[{"@type":"SearchAction","target":{"@type":"EntryPoint","urlTemplate":"https:\/\/sementis.eu\/?s={search_term_string}"},"query-input":{"@type":"PropertyValueSpecification","valueRequired":true,"valueName":"search_term_string"}}],"inLanguage":"fr-FR"},{"@type":"Organization","@id":"https:\/\/sementis.eu\/#organization","name":"Sementis","url":"https:\/\/sementis.eu\/","logo":{"@type":"ImageObject","inLanguage":"fr-FR","@id":"https:\/\/sementis.eu\/#\/schema\/logo\/image\/","url":"https:\/\/sementis.eu\/wp-content\/uploads\/2024\/06\/LOGO-SEMENTIS-SANS-FD.png","contentUrl":"https:\/\/sementis.eu\/wp-content\/uploads\/2024\/06\/LOGO-SEMENTIS-SANS-FD.png","width":962,"height":1076,"caption":"Sementis"},"image":{"@id":"https:\/\/sementis.eu\/#\/schema\/logo\/image\/"}}]}},"_links":{"self":[{"href":"https:\/\/sementis.eu\/index.php\/wp-json\/wp\/v2\/product\/1782","targetHints":{"allow":["GET"]}}],"collection":[{"href":"https:\/\/sementis.eu\/index.php\/wp-json\/wp\/v2\/product"}],"about":[{"href":"https:\/\/sementis.eu\/index.php\/wp-json\/wp\/v2\/types\/product"}],"wp:featuredmedia":[{"embeddable":true,"href":"https:\/\/sementis.eu\/index.php\/wp-json\/wp\/v2\/media\/2074"}],"wp:attachment":[{"href":"https:\/\/sementis.eu\/index.php\/wp-json\/wp\/v2\/media?parent=1782"}],"wp:term":[{"taxonomy":"product_brand","embeddable":true,"href":"https:\/\/sementis.eu\/index.php\/wp-json\/wp\/v2\/product_brand?post=1782"},{"taxonomy":"product_cat","embeddable":true,"href":"https:\/\/sementis.eu\/index.php\/wp-json\/wp\/v2\/product_cat?post=1782"},{"taxonomy":"product_tag","embeddable":true,"href":"https:\/\/sementis.eu\/index.php\/wp-json\/wp\/v2\/product_tag?post=1782"}],"curies":[{"name":"wp","href":"https:\/\/api.w.org\/{rel}","templated":true}]}}